{"id":1952,"date":"2025-06-08T13:16:29","date_gmt":"2025-06-08T16:16:29","guid":{"rendered":"https:\/\/marchefpescados.com.br\/?post_type=product&#038;p=1952"},"modified":"2025-06-25T18:13:03","modified_gmt":"2025-06-25T21:13:03","slug":"ostra-gratinada-com-4-unidades-pacote-10pct-aprox-25kg","status":"publish","type":"product","link":"https:\/\/marchefpescados.com.br\/index.php\/produto\/ostra-gratinada-com-4-unidades-pacote-10pct-aprox-25kg\/","title":{"rendered":"Ostra Gratinada com 4 Unidades \u2014 Pacote (10pct &#8211; Aprox. 2,5kg)"},"content":{"rendered":"<p data-start=\"2758\" data-end=\"2887\">Ostra gratinada congelada, ideal para preparo de entradas sofisticadas, receitas gourmet e ocasi\u00f5es especiais.<\/p>\n<p data-start=\"2889\" data-end=\"2961\">Produto selecionado e pr\u00e9-preparado, bastando aquecer antes de servir.<\/p>\n<p data-start=\"2963\" data-end=\"3053\">Cada pacote cont\u00e9m 4 unidades de ostra gratinada, embaladas individualmente em bandejas.<\/p>\n<p data-start=\"3055\" data-end=\"3155\">Excelente op\u00e7\u00e3o para uso profissional (restaurantes, bares, catering) e tamb\u00e9m para uso dom\u00e9stico.<\/p>\n<p data-start=\"3157\" data-end=\"3239\"><strong>Modo de preparo:<\/strong> pronto para aquecimento em forno conforme instru\u00e7\u00e3o da embalagem.<\/p>\n","protected":false},"excerpt":{"rendered":"<p>Ostra gratinada congelada, ideal para preparo de entradas sofisticadas, receitas gourmet e ocasi\u00f5es especiais. Produto selecionado e pr\u00e9-preparado, bastando aquecer antes de servir. Cada pacote cont\u00e9m 4 unidades de ostra gratinada, embaladas individualmente em bandejas. Excelente op\u00e7\u00e3o para uso profissional (restaurantes, bares, catering) e tamb\u00e9m para uso dom\u00e9stico. Modo de preparo: pronto para aquecimento em forno conforme instru\u00e7\u00e3o da embalagem.<\/p>\n","protected":false},"featured_media":1822,"template":"","meta":{"_acf_changed":false},"product_brand":[],"product_cat":[27],"product_tag":[],"class_list":{"0":"post-1952","1":"product","2":"type-product","3":"status-publish","4":"has-post-thumbnail","6":"product_cat-linha-bandeja-panelinha","8":"first","9":"instock","10":"shipping-taxable","11":"product-type-simple"},"acf":[],"jetpack_sharing_enabled":true,"_links":{"self":[{"href":"https:\/\/marchefpescados.com.br\/index.php\/wp-json\/wp\/v2\/product\/1952","targetHints":{"allow":["GET"]}}],"collection":[{"href":"https:\/\/marchefpescados.com.br\/index.php\/wp-json\/wp\/v2\/product"}],"about":[{"href":"https:\/\/marchefpescados.com.br\/index.php\/wp-json\/wp\/v2\/types\/product"}],"wp:featuredmedia":[{"embeddable":true,"href":"https:\/\/marchefpescados.com.br\/index.php\/wp-json\/wp\/v2\/media\/1822"}],"wp:attachment":[{"href":"https:\/\/marchefpescados.com.br\/index.php\/wp-json\/wp\/v2\/media?parent=1952"}],"wp:term":[{"taxonomy":"product_brand","embeddable":true,"href":"https:\/\/marchefpescados.com.br\/index.php\/wp-json\/wp\/v2\/product_brand?post=1952"},{"taxonomy":"product_cat","embeddable":true,"href":"https:\/\/marchefpescados.com.br\/index.php\/wp-json\/wp\/v2\/product_cat?post=1952"},{"taxonomy":"product_tag","embeddable":true,"href":"https:\/\/marchefpescados.com.br\/index.php\/wp-json\/wp\/v2\/product_tag?post=1952"}],"curies":[{"name":"wp","href":"https:\/\/api.w.org\/{rel}","templated":true}]}}