{"id":1950,"date":"2025-06-08T13:12:40","date_gmt":"2025-06-08T16:12:40","guid":{"rendered":"https:\/\/marchefpescados.com.br\/?post_type=product&#038;p=1950"},"modified":"2025-06-08T13:12:40","modified_gmt":"2025-06-08T16:12:40","slug":"anel-de-lula-empanado-bandeja-pacote-300g","status":"publish","type":"product","link":"https:\/\/marchefpescados.com.br\/index.php\/produto\/anel-de-lula-empanado-bandeja-pacote-300g\/","title":{"rendered":"Anel de Lula Empanado \u2014 Bandeja Pacote 300g"},"content":{"rendered":"<p data-start=\"1928\" data-end=\"2044\">An\u00e9is de lula empanados, congelados, ideais para preparo de petiscos, entradas e pratos diversos.<\/p>\n<p data-start=\"2046\" data-end=\"2127\">Produto selecionado, pronto para fritura, oferecendo praticidade e \u00f3timo sabor.<\/p>\n<p data-start=\"2129\" data-end=\"2221\">Cada pacote cont\u00e9m an\u00e9is de lula empanados, embalados individualmente em bandejas de 300g.<\/p>\n<p data-start=\"2223\" data-end=\"2323\">Excelente op\u00e7\u00e3o para uso profissional (restaurantes, bares, catering) e tamb\u00e9m para uso dom\u00e9stico.<\/p>\n<p data-start=\"2325\" data-end=\"2401\"><strong>Modo de preparo:<\/strong> pronto para fritura direta ou preparo ap\u00f3s descongelamento.<\/p>\n","protected":false},"excerpt":{"rendered":"<p>An\u00e9is de lula empanados, congelados, ideais para preparo de petiscos, entradas e pratos diversos. Produto selecionado, pronto para fritura, oferecendo praticidade e \u00f3timo sabor. Cada pacote cont\u00e9m an\u00e9is de lula empanados, embalados individualmente em bandejas de 300g. Excelente op\u00e7\u00e3o para uso profissional (restaurantes, bares, catering) e tamb\u00e9m para uso dom\u00e9stico. Modo de preparo: pronto para fritura direta ou preparo ap\u00f3s descongelamento.<\/p>\n","protected":false},"featured_media":1823,"template":"","meta":{"_acf_changed":false},"product_brand":[],"product_cat":[27],"product_tag":[],"class_list":{"0":"post-1950","1":"product","2":"type-product","3":"status-publish","4":"has-post-thumbnail","6":"product_cat-linha-bandeja-panelinha","8":"first","9":"instock","10":"shipping-taxable","11":"product-type-simple"},"acf":[],"jetpack_sharing_enabled":true,"_links":{"self":[{"href":"https:\/\/marchefpescados.com.br\/index.php\/wp-json\/wp\/v2\/product\/1950","targetHints":{"allow":["GET"]}}],"collection":[{"href":"https:\/\/marchefpescados.com.br\/index.php\/wp-json\/wp\/v2\/product"}],"about":[{"href":"https:\/\/marchefpescados.com.br\/index.php\/wp-json\/wp\/v2\/types\/product"}],"wp:featuredmedia":[{"embeddable":true,"href":"https:\/\/marchefpescados.com.br\/index.php\/wp-json\/wp\/v2\/media\/1823"}],"wp:attachment":[{"href":"https:\/\/marchefpescados.com.br\/index.php\/wp-json\/wp\/v2\/media?parent=1950"}],"wp:term":[{"taxonomy":"product_brand","embeddable":true,"href":"https:\/\/marchefpescados.com.br\/index.php\/wp-json\/wp\/v2\/product_brand?post=1950"},{"taxonomy":"product_cat","embeddable":true,"href":"https:\/\/marchefpescados.com.br\/index.php\/wp-json\/wp\/v2\/product_cat?post=1950"},{"taxonomy":"product_tag","embeddable":true,"href":"https:\/\/marchefpescados.com.br\/index.php\/wp-json\/wp\/v2\/product_tag?post=1950"}],"curies":[{"name":"wp","href":"https:\/\/api.w.org\/{rel}","templated":true}]}}