{"id":1946,"date":"2025-06-08T13:10:17","date_gmt":"2025-06-08T16:10:17","guid":{"rendered":"https:\/\/marchefpescados.com.br\/?post_type=product&#038;p=1946"},"modified":"2025-06-08T13:10:17","modified_gmt":"2025-06-08T16:10:17","slug":"camarao-descascado-sem-visceras-com-cauda-empanado-21-25-10-15-pacote-300g","status":"publish","type":"product","link":"https:\/\/marchefpescados.com.br\/index.php\/produto\/camarao-descascado-sem-visceras-com-cauda-empanado-21-25-10-15-pacote-300g\/","title":{"rendered":"Camar\u00e3o Descascado Sem V\u00edsceras com Cauda Empanado 21\/25 (10\/15) \u2014 Pacote 300g"},"content":{"rendered":"<p data-start=\"194\" data-end=\"341\">Camar\u00e3o Descascado sem v\u00edsceras com cauda, empanado e congelado, ideal para preparo de petiscos, entradas e pratos sofisticados.<\/p>\n<p data-start=\"343\" data-end=\"474\">Produto com calibra\u00e7\u00e3o 21\/25 (21 a 25 unidades por libra), com sele\u00e7\u00e3o adicional de tamanho 10\/15, pronto para fritura e consumo.<\/p>\n<p data-start=\"476\" data-end=\"589\">Cada pacote cont\u00e9m aproximadamente de 10 a 15 camar\u00f5es empanados, embalados individualmente em pacotes de 300g.<\/p>\n<p data-start=\"591\" data-end=\"691\">Excelente op\u00e7\u00e3o para uso profissional (restaurantes, bares, catering) e tamb\u00e9m para uso dom\u00e9stico.<\/p>\n<p data-start=\"693\" data-end=\"769\"><strong>Modo de preparo:<\/strong> pronto para fritura direta ou preparo ap\u00f3s descongelamento.<\/p>\n","protected":false},"excerpt":{"rendered":"<p>Camar\u00e3o Descascado sem v\u00edsceras com cauda, empanado e congelado, ideal para preparo de petiscos, entradas e pratos sofisticados. Produto com calibra\u00e7\u00e3o 21\/25 (21 a 25 unidades por libra), com sele\u00e7\u00e3o adicional de tamanho 10\/15, pronto para fritura e consumo. Cada pacote cont\u00e9m aproximadamente de 10 a 15 camar\u00f5es empanados, embalados individualmente em pacotes de 300g. Excelente op\u00e7\u00e3o para uso profissional (restaurantes, bares, catering) e tamb\u00e9m para uso dom\u00e9stico. Modo de preparo: pronto para fritura direta ou preparo ap\u00f3s descongelamento.<\/p>\n","protected":false},"featured_media":1824,"template":"","meta":{"_acf_changed":false},"product_brand":[],"product_cat":[27],"product_tag":[],"class_list":{"0":"post-1946","1":"product","2":"type-product","3":"status-publish","4":"has-post-thumbnail","6":"product_cat-linha-bandeja-panelinha","8":"first","9":"instock","10":"shipping-taxable","11":"product-type-simple"},"acf":[],"jetpack_sharing_enabled":true,"_links":{"self":[{"href":"https:\/\/marchefpescados.com.br\/index.php\/wp-json\/wp\/v2\/product\/1946","targetHints":{"allow":["GET"]}}],"collection":[{"href":"https:\/\/marchefpescados.com.br\/index.php\/wp-json\/wp\/v2\/product"}],"about":[{"href":"https:\/\/marchefpescados.com.br\/index.php\/wp-json\/wp\/v2\/types\/product"}],"wp:featuredmedia":[{"embeddable":true,"href":"https:\/\/marchefpescados.com.br\/index.php\/wp-json\/wp\/v2\/media\/1824"}],"wp:attachment":[{"href":"https:\/\/marchefpescados.com.br\/index.php\/wp-json\/wp\/v2\/media?parent=1946"}],"wp:term":[{"taxonomy":"product_brand","embeddable":true,"href":"https:\/\/marchefpescados.com.br\/index.php\/wp-json\/wp\/v2\/product_brand?post=1946"},{"taxonomy":"product_cat","embeddable":true,"href":"https:\/\/marchefpescados.com.br\/index.php\/wp-json\/wp\/v2\/product_cat?post=1946"},{"taxonomy":"product_tag","embeddable":true,"href":"https:\/\/marchefpescados.com.br\/index.php\/wp-json\/wp\/v2\/product_tag?post=1946"}],"curies":[{"name":"wp","href":"https:\/\/api.w.org\/{rel}","templated":true}]}}