{"id":1944,"date":"2025-06-08T13:07:13","date_gmt":"2025-06-08T16:07:13","guid":{"rendered":"https:\/\/marchefpescados.com.br\/?post_type=product&#038;p=1944"},"modified":"2025-06-08T13:07:13","modified_gmt":"2025-06-08T16:07:13","slug":"tentaculo-de-polvo-pre-cozido-pacote-300g","status":"publish","type":"product","link":"https:\/\/marchefpescados.com.br\/index.php\/produto\/tentaculo-de-polvo-pre-cozido-pacote-300g\/","title":{"rendered":"Tent\u00e1culo de Polvo Pr\u00e9-Cozido \u2014 Pacote 300g"},"content":{"rendered":"<p data-start=\"1711\" data-end=\"1855\">Tent\u00e1culo de polvo pr\u00e9-cozido e congelado, ideal para preparo de entradas, saladas, pratos sofisticados e receitas especiais.<\/p>\n<p data-start=\"1857\" data-end=\"1944\">Produto de alta qualidade, j\u00e1 pr\u00e9-cozido, proporcionando mais praticidade no preparo.<\/p>\n<p data-start=\"1946\" data-end=\"2045\">Cada pacote cont\u00e9m tent\u00e1culos de polvo pr\u00e9-cozidos, embalados individualmente em pacotes de 300g.<\/p>\n<p data-start=\"2047\" data-end=\"2147\">Excelente op\u00e7\u00e3o para uso profissional (restaurantes, bares, catering) e tamb\u00e9m para uso dom\u00e9stico.<\/p>\n<p data-start=\"2149\" data-end=\"2203\"><strong>Modo de preparo:<\/strong> pronto para uso ap\u00f3s descongelamento.<\/p>\n","protected":false},"excerpt":{"rendered":"<p>Tent\u00e1culo de polvo pr\u00e9-cozido e congelado, ideal para preparo de entradas, saladas, pratos sofisticados e receitas especiais. Produto de alta qualidade, j\u00e1 pr\u00e9-cozido, proporcionando mais praticidade no preparo. Cada pacote cont\u00e9m tent\u00e1culos de polvo pr\u00e9-cozidos, embalados individualmente em pacotes de 300g. Excelente op\u00e7\u00e3o para uso profissional (restaurantes, bares, catering) e tamb\u00e9m para uso dom\u00e9stico. Modo de preparo: pronto para uso ap\u00f3s descongelamento.<\/p>\n","protected":false},"featured_media":1828,"template":"","meta":{"_acf_changed":false},"product_brand":[],"product_cat":[26],"product_tag":[],"class_list":{"0":"post-1944","1":"product","2":"type-product","3":"status-publish","4":"has-post-thumbnail","6":"product_cat-linha-skin-pack","8":"first","9":"instock","10":"shipping-taxable","11":"product-type-simple"},"acf":[],"jetpack_sharing_enabled":true,"_links":{"self":[{"href":"https:\/\/marchefpescados.com.br\/index.php\/wp-json\/wp\/v2\/product\/1944","targetHints":{"allow":["GET"]}}],"collection":[{"href":"https:\/\/marchefpescados.com.br\/index.php\/wp-json\/wp\/v2\/product"}],"about":[{"href":"https:\/\/marchefpescados.com.br\/index.php\/wp-json\/wp\/v2\/types\/product"}],"wp:featuredmedia":[{"embeddable":true,"href":"https:\/\/marchefpescados.com.br\/index.php\/wp-json\/wp\/v2\/media\/1828"}],"wp:attachment":[{"href":"https:\/\/marchefpescados.com.br\/index.php\/wp-json\/wp\/v2\/media?parent=1944"}],"wp:term":[{"taxonomy":"product_brand","embeddable":true,"href":"https:\/\/marchefpescados.com.br\/index.php\/wp-json\/wp\/v2\/product_brand?post=1944"},{"taxonomy":"product_cat","embeddable":true,"href":"https:\/\/marchefpescados.com.br\/index.php\/wp-json\/wp\/v2\/product_cat?post=1944"},{"taxonomy":"product_tag","embeddable":true,"href":"https:\/\/marchefpescados.com.br\/index.php\/wp-json\/wp\/v2\/product_tag?post=1944"}],"curies":[{"name":"wp","href":"https:\/\/api.w.org\/{rel}","templated":true}]}}