{"id":1942,"date":"2025-06-08T13:05:33","date_gmt":"2025-06-08T16:05:33","guid":{"rendered":"https:\/\/marchefpescados.com.br\/?post_type=product&#038;p=1942"},"modified":"2025-06-08T13:05:33","modified_gmt":"2025-06-08T16:05:33","slug":"polvo-eviscerado-pacote-500g","status":"publish","type":"product","link":"https:\/\/marchefpescados.com.br\/index.php\/produto\/polvo-eviscerado-pacote-500g\/","title":{"rendered":"Polvo Eviscerado \u2014 Pacote 500g"},"content":{"rendered":"<p data-start=\"909\" data-end=\"1048\">Polvo eviscerado congelado, ideal para preparo de pratos como risotos, massas, paellas, saladas e entradas sofisticadas.<\/p>\n<p data-start=\"1050\" data-end=\"1114\">Produto selecionado, pronto para preparo em diversas receitas.<\/p>\n<p data-start=\"1116\" data-end=\"1199\">Cada pacote cont\u00e9m polvo eviscerado, embalado individualmente em pacotes de 500g.<\/p>\n<p data-start=\"1201\" data-end=\"1301\">Excelente op\u00e7\u00e3o para uso profissional (restaurantes, bares, catering) e tamb\u00e9m para uso dom\u00e9stico.<\/p>\n<p data-start=\"1303\" data-end=\"1357\"><strong>Modo de preparo:<\/strong> pronto para uso ap\u00f3s descongelamento.<\/p>\n","protected":false},"excerpt":{"rendered":"<p>Polvo eviscerado congelado, ideal para preparo de pratos como risotos, massas, paellas, saladas e entradas sofisticadas. Produto selecionado, pronto para preparo em diversas receitas. Cada pacote cont\u00e9m polvo eviscerado, embalado individualmente em pacotes de 500g. Excelente op\u00e7\u00e3o para uso profissional (restaurantes, bares, catering) e tamb\u00e9m para uso dom\u00e9stico. Modo de preparo: pronto para uso ap\u00f3s descongelamento.<\/p>\n","protected":false},"featured_media":1827,"template":"","meta":{"_acf_changed":false},"product_brand":[],"product_cat":[26],"product_tag":[],"class_list":{"0":"post-1942","1":"product","2":"type-product","3":"status-publish","4":"has-post-thumbnail","6":"product_cat-linha-skin-pack","8":"first","9":"instock","10":"shipping-taxable","11":"product-type-simple"},"acf":[],"jetpack_sharing_enabled":true,"_links":{"self":[{"href":"https:\/\/marchefpescados.com.br\/index.php\/wp-json\/wp\/v2\/product\/1942","targetHints":{"allow":["GET"]}}],"collection":[{"href":"https:\/\/marchefpescados.com.br\/index.php\/wp-json\/wp\/v2\/product"}],"about":[{"href":"https:\/\/marchefpescados.com.br\/index.php\/wp-json\/wp\/v2\/types\/product"}],"wp:featuredmedia":[{"embeddable":true,"href":"https:\/\/marchefpescados.com.br\/index.php\/wp-json\/wp\/v2\/media\/1827"}],"wp:attachment":[{"href":"https:\/\/marchefpescados.com.br\/index.php\/wp-json\/wp\/v2\/media?parent=1942"}],"wp:term":[{"taxonomy":"product_brand","embeddable":true,"href":"https:\/\/marchefpescados.com.br\/index.php\/wp-json\/wp\/v2\/product_brand?post=1942"},{"taxonomy":"product_cat","embeddable":true,"href":"https:\/\/marchefpescados.com.br\/index.php\/wp-json\/wp\/v2\/product_cat?post=1942"},{"taxonomy":"product_tag","embeddable":true,"href":"https:\/\/marchefpescados.com.br\/index.php\/wp-json\/wp\/v2\/product_tag?post=1942"}],"curies":[{"name":"wp","href":"https:\/\/api.w.org\/{rel}","templated":true}]}}