{"id":1940,"date":"2025-06-08T13:04:06","date_gmt":"2025-06-08T16:04:06","guid":{"rendered":"https:\/\/marchefpescados.com.br\/?post_type=product&#038;p=1940"},"modified":"2025-06-08T13:04:07","modified_gmt":"2025-06-08T16:04:07","slug":"lombo-de-atum-pacote-500g","status":"publish","type":"product","link":"https:\/\/marchefpescados.com.br\/index.php\/produto\/lombo-de-atum-pacote-500g\/","title":{"rendered":"Lombo de Atum \u2014 Pacote 500g"},"content":{"rendered":"<p data-start=\"143\" data-end=\"268\">Lombo de atum premium congelado, ideal para preparo de grelhados, assados, sashimis e pratos sofisticados.<\/p>\n<p data-start=\"270\" data-end=\"341\">Produto selecionado, com cortes uniformes e alto padr\u00e3o de qualidade.<\/p>\n<p data-start=\"343\" data-end=\"425\">Cada pacote cont\u00e9m lombos de atum, embalados individualmente em pacotes de 500g.<\/p>\n<p data-start=\"427\" data-end=\"527\">Excelente op\u00e7\u00e3o para uso profissional (restaurantes, bares, catering) e tamb\u00e9m para uso dom\u00e9stico.<\/p>\n<p data-start=\"529\" data-end=\"583\"><strong>Modo de preparo:<\/strong> pronto para uso ap\u00f3s descongelamento.<\/p>\n","protected":false},"excerpt":{"rendered":"<p>Lombo de atum premium congelado, ideal para preparo de grelhados, assados, sashimis e pratos sofisticados. Produto selecionado, com cortes uniformes e alto padr\u00e3o de qualidade. Cada pacote cont\u00e9m lombos de atum, embalados individualmente em pacotes de 500g. Excelente op\u00e7\u00e3o para uso profissional (restaurantes, bares, catering) e tamb\u00e9m para uso dom\u00e9stico. Modo de preparo: pronto para uso ap\u00f3s descongelamento.<\/p>\n","protected":false},"featured_media":1826,"template":"","meta":{"_acf_changed":false},"product_brand":[],"product_cat":[26],"product_tag":[],"class_list":{"0":"post-1940","1":"product","2":"type-product","3":"status-publish","4":"has-post-thumbnail","6":"product_cat-linha-skin-pack","8":"first","9":"instock","10":"shipping-taxable","11":"product-type-simple"},"acf":[],"jetpack_sharing_enabled":true,"_links":{"self":[{"href":"https:\/\/marchefpescados.com.br\/index.php\/wp-json\/wp\/v2\/product\/1940","targetHints":{"allow":["GET"]}}],"collection":[{"href":"https:\/\/marchefpescados.com.br\/index.php\/wp-json\/wp\/v2\/product"}],"about":[{"href":"https:\/\/marchefpescados.com.br\/index.php\/wp-json\/wp\/v2\/types\/product"}],"wp:featuredmedia":[{"embeddable":true,"href":"https:\/\/marchefpescados.com.br\/index.php\/wp-json\/wp\/v2\/media\/1826"}],"wp:attachment":[{"href":"https:\/\/marchefpescados.com.br\/index.php\/wp-json\/wp\/v2\/media?parent=1940"}],"wp:term":[{"taxonomy":"product_brand","embeddable":true,"href":"https:\/\/marchefpescados.com.br\/index.php\/wp-json\/wp\/v2\/product_brand?post=1940"},{"taxonomy":"product_cat","embeddable":true,"href":"https:\/\/marchefpescados.com.br\/index.php\/wp-json\/wp\/v2\/product_cat?post=1940"},{"taxonomy":"product_tag","embeddable":true,"href":"https:\/\/marchefpescados.com.br\/index.php\/wp-json\/wp\/v2\/product_tag?post=1940"}],"curies":[{"name":"wp","href":"https:\/\/api.w.org\/{rel}","templated":true}]}}