{"id":1938,"date":"2025-06-08T13:00:36","date_gmt":"2025-06-08T16:00:36","guid":{"rendered":"https:\/\/marchefpescados.com.br\/?post_type=product&#038;p=1938"},"modified":"2025-06-08T13:00:36","modified_gmt":"2025-06-08T16:00:36","slug":"medalhao-de-atum-pacote-500g","status":"publish","type":"product","link":"https:\/\/marchefpescados.com.br\/index.php\/produto\/medalhao-de-atum-pacote-500g\/","title":{"rendered":"Medalh\u00e3o de Atum \u2014 Pacote 500g"},"content":{"rendered":"<p data-start=\"2514\" data-end=\"2655\">Medalh\u00f5es de atum premium congelados, ideais para preparo de grelhados, assados, pratos sofisticados e receitas especiais.<\/p>\n<p data-start=\"2657\" data-end=\"2721\">Produto selecionado, com cortes uniformes e de alta qualidade.<\/p>\n<p data-start=\"2723\" data-end=\"2808\">Cada pacote cont\u00e9m medalh\u00f5es de atum, embalados individualmente em pacotes de 500g.<\/p>\n<p data-start=\"2810\" data-end=\"2910\">Excelente op\u00e7\u00e3o para uso profissional (restaurantes, bares, catering) e tamb\u00e9m para uso dom\u00e9stico.<\/p>\n<p data-start=\"2912\" data-end=\"2966\"><strong>Modo de preparo:<\/strong> pronto para uso ap\u00f3s descongelamento.<\/p>\n","protected":false},"excerpt":{"rendered":"<p>Medalh\u00f5es de atum premium congelados, ideais para preparo de grelhados, assados, pratos sofisticados e receitas especiais. Produto selecionado, com cortes uniformes e de alta qualidade. Cada pacote cont\u00e9m medalh\u00f5es de atum, embalados individualmente em pacotes de 500g. Excelente op\u00e7\u00e3o para uso profissional (restaurantes, bares, catering) e tamb\u00e9m para uso dom\u00e9stico. Modo de preparo: pronto para uso ap\u00f3s descongelamento.<\/p>\n","protected":false},"featured_media":1830,"template":"","meta":{"_acf_changed":false},"product_brand":[],"product_cat":[26],"product_tag":[],"class_list":{"0":"post-1938","1":"product","2":"type-product","3":"status-publish","4":"has-post-thumbnail","6":"product_cat-linha-skin-pack","8":"first","9":"instock","10":"shipping-taxable","11":"product-type-simple"},"acf":[],"jetpack_sharing_enabled":true,"_links":{"self":[{"href":"https:\/\/marchefpescados.com.br\/index.php\/wp-json\/wp\/v2\/product\/1938","targetHints":{"allow":["GET"]}}],"collection":[{"href":"https:\/\/marchefpescados.com.br\/index.php\/wp-json\/wp\/v2\/product"}],"about":[{"href":"https:\/\/marchefpescados.com.br\/index.php\/wp-json\/wp\/v2\/types\/product"}],"wp:featuredmedia":[{"embeddable":true,"href":"https:\/\/marchefpescados.com.br\/index.php\/wp-json\/wp\/v2\/media\/1830"}],"wp:attachment":[{"href":"https:\/\/marchefpescados.com.br\/index.php\/wp-json\/wp\/v2\/media?parent=1938"}],"wp:term":[{"taxonomy":"product_brand","embeddable":true,"href":"https:\/\/marchefpescados.com.br\/index.php\/wp-json\/wp\/v2\/product_brand?post=1938"},{"taxonomy":"product_cat","embeddable":true,"href":"https:\/\/marchefpescados.com.br\/index.php\/wp-json\/wp\/v2\/product_cat?post=1938"},{"taxonomy":"product_tag","embeddable":true,"href":"https:\/\/marchefpescados.com.br\/index.php\/wp-json\/wp\/v2\/product_tag?post=1938"}],"curies":[{"name":"wp","href":"https:\/\/api.w.org\/{rel}","templated":true}]}}