{"id":1930,"date":"2025-06-08T12:49:55","date_gmt":"2025-06-08T15:49:55","guid":{"rendered":"https:\/\/marchefpescados.com.br\/?post_type=product&#038;p=1930"},"modified":"2025-06-08T12:49:55","modified_gmt":"2025-06-08T15:49:55","slug":"camarao-descascado-sem-visceras-cozido-16-20-10-18-pacote-250g","status":"publish","type":"product","link":"https:\/\/marchefpescados.com.br\/index.php\/produto\/camarao-descascado-sem-visceras-cozido-16-20-10-18-pacote-250g\/","title":{"rendered":"Camar\u00e3o Descascado Sem V\u00edsceras Cozido 16\/20 (10\/18) \u2014 Pacote 250g"},"content":{"rendered":"<p data-start=\"2057\" data-end=\"2225\">Camar\u00e3o Descascado sem v\u00edsceras, cozido e congelado, ideal para o preparo de pratos sofisticados como risotos, massas, saladas, grelhados e entradas.<\/p>\n<p data-start=\"2227\" data-end=\"2379\">Produto com calibra\u00e7\u00e3o 16\/20 (16 a 20 unidades por libra), com sele\u00e7\u00e3o adicional de tamanho 10\/18, oferecendo camar\u00f5es de excelente porte e qualidade.<\/p>\n<p data-start=\"2381\" data-end=\"2484\">Cada pacote cont\u00e9m aproximadamente de 10 a 18 camar\u00f5es, embalados individualmente em pacotes de 250g.<\/p>\n<p data-start=\"2486\" data-end=\"2586\">Excelente op\u00e7\u00e3o para uso profissional (restaurantes, bares, catering) e tamb\u00e9m para uso dom\u00e9stico.<\/p>\n<p data-start=\"2588\" data-end=\"2642\"><strong>Modo de preparo:<\/strong> pronto para uso ap\u00f3s descongelamento.<\/p>\n","protected":false},"excerpt":{"rendered":"<p>Camar\u00e3o Descascado sem v\u00edsceras, cozido e congelado, ideal para o preparo de pratos sofisticados como risotos, massas, saladas, grelhados e entradas. Produto com calibra\u00e7\u00e3o 16\/20 (16 a 20 unidades por libra), com sele\u00e7\u00e3o adicional de tamanho 10\/18, oferecendo camar\u00f5es de excelente porte e qualidade. Cada pacote cont\u00e9m aproximadamente de 10 a 18 camar\u00f5es, embalados individualmente em pacotes de 250g. Excelente op\u00e7\u00e3o para uso profissional (restaurantes, bares, catering) e tamb\u00e9m para uso dom\u00e9stico. Modo de preparo: pronto para uso ap\u00f3s descongelamento.<\/p>\n","protected":false},"featured_media":1803,"template":"","meta":{"_acf_changed":false},"product_brand":[],"product_cat":[26],"product_tag":[],"class_list":{"0":"post-1930","1":"product","2":"type-product","3":"status-publish","4":"has-post-thumbnail","6":"product_cat-linha-skin-pack","8":"first","9":"instock","10":"shipping-taxable","11":"product-type-simple"},"acf":[],"jetpack_sharing_enabled":true,"_links":{"self":[{"href":"https:\/\/marchefpescados.com.br\/index.php\/wp-json\/wp\/v2\/product\/1930","targetHints":{"allow":["GET"]}}],"collection":[{"href":"https:\/\/marchefpescados.com.br\/index.php\/wp-json\/wp\/v2\/product"}],"about":[{"href":"https:\/\/marchefpescados.com.br\/index.php\/wp-json\/wp\/v2\/types\/product"}],"wp:featuredmedia":[{"embeddable":true,"href":"https:\/\/marchefpescados.com.br\/index.php\/wp-json\/wp\/v2\/media\/1803"}],"wp:attachment":[{"href":"https:\/\/marchefpescados.com.br\/index.php\/wp-json\/wp\/v2\/media?parent=1930"}],"wp:term":[{"taxonomy":"product_brand","embeddable":true,"href":"https:\/\/marchefpescados.com.br\/index.php\/wp-json\/wp\/v2\/product_brand?post=1930"},{"taxonomy":"product_cat","embeddable":true,"href":"https:\/\/marchefpescados.com.br\/index.php\/wp-json\/wp\/v2\/product_cat?post=1930"},{"taxonomy":"product_tag","embeddable":true,"href":"https:\/\/marchefpescados.com.br\/index.php\/wp-json\/wp\/v2\/product_tag?post=1930"}],"curies":[{"name":"wp","href":"https:\/\/api.w.org\/{rel}","templated":true}]}}