{"id":1928,"date":"2025-06-08T12:48:52","date_gmt":"2025-06-08T15:48:52","guid":{"rendered":"https:\/\/marchefpescados.com.br\/?post_type=product&#038;p=1928"},"modified":"2025-06-08T12:48:52","modified_gmt":"2025-06-08T15:48:52","slug":"camarao-sem-cabeca-21-25-12-15-cozido-pacote-250g","status":"publish","type":"product","link":"https:\/\/marchefpescados.com.br\/index.php\/produto\/camarao-sem-cabeca-21-25-12-15-cozido-pacote-250g\/","title":{"rendered":"Camar\u00e3o Sem Cabe\u00e7a 21\/25 (12\/15) Cozido \u2014 Pacote 250g"},"content":{"rendered":"<p data-start=\"1154\" data-end=\"1285\">Camar\u00e3o Sem Cabe\u00e7a, cozido e congelado, ideal para o preparo de pratos como risotos, massas, saladas e entradas.<\/p>\n<p data-start=\"1287\" data-end=\"1442\">Produto com calibra\u00e7\u00e3o 21\/25 (21 a 25 unidades por libra), com sele\u00e7\u00e3o adicional de tamanho 12\/15, oferecendo camar\u00f5es de excelente porte e apresenta\u00e7\u00e3o.<\/p>\n<p data-start=\"1444\" data-end=\"1547\">Cada pacote cont\u00e9m aproximadamente de 12 a 15 camar\u00f5es, embalados individualmente em pacotes de 250g.<\/p>\n<p data-start=\"1549\" data-end=\"1649\">Excelente op\u00e7\u00e3o para uso profissional (restaurantes, bares, catering) e tamb\u00e9m para uso dom\u00e9stico.<\/p>\n<p data-start=\"1651\" data-end=\"1705\"><strong>Modo de preparo:<\/strong> pronto para uso ap\u00f3s descongelamento.<\/p>\n","protected":false},"excerpt":{"rendered":"<p>Camar\u00e3o Sem Cabe\u00e7a, cozido e congelado, ideal para o preparo de pratos como risotos, massas, saladas e entradas. Produto com calibra\u00e7\u00e3o 21\/25 (21 a 25 unidades por libra), com sele\u00e7\u00e3o adicional de tamanho 12\/15, oferecendo camar\u00f5es de excelente porte e apresenta\u00e7\u00e3o. Cada pacote cont\u00e9m aproximadamente de 12 a 15 camar\u00f5es, embalados individualmente em pacotes de 250g. Excelente op\u00e7\u00e3o para uso profissional (restaurantes, bares, catering) e tamb\u00e9m para uso dom\u00e9stico. Modo de preparo: pronto para uso ap\u00f3s descongelamento.<\/p>\n","protected":false},"featured_media":1802,"template":"","meta":{"_acf_changed":false},"product_brand":[],"product_cat":[26],"product_tag":[],"class_list":{"0":"post-1928","1":"product","2":"type-product","3":"status-publish","4":"has-post-thumbnail","6":"product_cat-linha-skin-pack","8":"first","9":"instock","10":"shipping-taxable","11":"product-type-simple"},"acf":[],"jetpack_sharing_enabled":true,"_links":{"self":[{"href":"https:\/\/marchefpescados.com.br\/index.php\/wp-json\/wp\/v2\/product\/1928","targetHints":{"allow":["GET"]}}],"collection":[{"href":"https:\/\/marchefpescados.com.br\/index.php\/wp-json\/wp\/v2\/product"}],"about":[{"href":"https:\/\/marchefpescados.com.br\/index.php\/wp-json\/wp\/v2\/types\/product"}],"wp:featuredmedia":[{"embeddable":true,"href":"https:\/\/marchefpescados.com.br\/index.php\/wp-json\/wp\/v2\/media\/1802"}],"wp:attachment":[{"href":"https:\/\/marchefpescados.com.br\/index.php\/wp-json\/wp\/v2\/media?parent=1928"}],"wp:term":[{"taxonomy":"product_brand","embeddable":true,"href":"https:\/\/marchefpescados.com.br\/index.php\/wp-json\/wp\/v2\/product_brand?post=1928"},{"taxonomy":"product_cat","embeddable":true,"href":"https:\/\/marchefpescados.com.br\/index.php\/wp-json\/wp\/v2\/product_cat?post=1928"},{"taxonomy":"product_tag","embeddable":true,"href":"https:\/\/marchefpescados.com.br\/index.php\/wp-json\/wp\/v2\/product_tag?post=1928"}],"curies":[{"name":"wp","href":"https:\/\/api.w.org\/{rel}","templated":true}]}}