{"id":1920,"date":"2025-06-07T20:35:48","date_gmt":"2025-06-07T23:35:48","guid":{"rendered":"https:\/\/marchefpescados.com.br\/?post_type=product&#038;p=1920"},"modified":"2025-06-25T22:45:19","modified_gmt":"2025-06-26T01:45:19","slug":"camarao-descascado-sem-visceras-com-cauda-26-30-18-25-cozido-pacote-300g","status":"publish","type":"product","link":"https:\/\/marchefpescados.com.br\/index.php\/produto\/camarao-descascado-sem-visceras-com-cauda-26-30-18-25-cozido-pacote-300g\/","title":{"rendered":"Camar\u00e3o Descascado Sem V\u00edsceras com Cauda 26\/30 (18\/25) Cozido \u2014 Pacote 300g"},"content":{"rendered":"<p data-start=\"1147\" data-end=\"1314\">Camar\u00e3o Descascado sem v\u00edsceras com cauda, cozido e congelado, ideal para pratos sofisticados como risotos, massas, saladas e apresenta\u00e7\u00f5es gourmet.<\/p>\n<p data-start=\"1316\" data-end=\"1478\">Produto com calibra\u00e7\u00e3o 26\/30 (26 a 30 unidades por libra), com sele\u00e7\u00e3o adicional de tamanho 18\/25, oferecendo camar\u00f5es de porte grande e excelente apresenta\u00e7\u00e3o.<\/p>\n<p data-start=\"1480\" data-end=\"1583\">Cada pacote cont\u00e9m aproximadamente de 18 a 25 camar\u00f5es, embalados individualmente em pacotes de 300g.<\/p>\n<p data-start=\"1585\" data-end=\"1685\">Excelente op\u00e7\u00e3o para uso profissional (restaurantes, bares, catering) e tamb\u00e9m para uso dom\u00e9stico.<\/p>\n<p data-start=\"1687\" data-end=\"1741\"><strong>Modo de preparo:<\/strong> pronto para uso ap\u00f3s descongelamento.<\/p>\n","protected":false},"excerpt":{"rendered":"<p>Camar\u00e3o Descascado sem v\u00edsceras com cauda, cozido e congelado, ideal para pratos sofisticados como risotos, massas, saladas e apresenta\u00e7\u00f5es gourmet. Produto com calibra\u00e7\u00e3o 26\/30 (26 a 30 unidades por libra), com sele\u00e7\u00e3o adicional de tamanho 18\/25, oferecendo camar\u00f5es de porte grande e excelente apresenta\u00e7\u00e3o. Cada pacote cont\u00e9m aproximadamente de 18 a 25 camar\u00f5es, embalados individualmente em pacotes de 300g. Excelente op\u00e7\u00e3o para uso profissional (restaurantes, bares, catering) e tamb\u00e9m para uso dom\u00e9stico. Modo de preparo: pronto para uso ap\u00f3s descongelamento.<\/p>\n","protected":false},"featured_media":1806,"template":"","meta":{"_acf_changed":false},"product_brand":[],"product_cat":[25],"product_tag":[],"class_list":{"0":"post-1920","1":"product","2":"type-product","3":"status-publish","4":"has-post-thumbnail","6":"product_cat-linha-pounch","8":"first","9":"instock","10":"shipping-taxable","11":"product-type-simple"},"acf":[],"jetpack_sharing_enabled":true,"_links":{"self":[{"href":"https:\/\/marchefpescados.com.br\/index.php\/wp-json\/wp\/v2\/product\/1920","targetHints":{"allow":["GET"]}}],"collection":[{"href":"https:\/\/marchefpescados.com.br\/index.php\/wp-json\/wp\/v2\/product"}],"about":[{"href":"https:\/\/marchefpescados.com.br\/index.php\/wp-json\/wp\/v2\/types\/product"}],"wp:featuredmedia":[{"embeddable":true,"href":"https:\/\/marchefpescados.com.br\/index.php\/wp-json\/wp\/v2\/media\/1806"}],"wp:attachment":[{"href":"https:\/\/marchefpescados.com.br\/index.php\/wp-json\/wp\/v2\/media?parent=1920"}],"wp:term":[{"taxonomy":"product_brand","embeddable":true,"href":"https:\/\/marchefpescados.com.br\/index.php\/wp-json\/wp\/v2\/product_brand?post=1920"},{"taxonomy":"product_cat","embeddable":true,"href":"https:\/\/marchefpescados.com.br\/index.php\/wp-json\/wp\/v2\/product_cat?post=1920"},{"taxonomy":"product_tag","embeddable":true,"href":"https:\/\/marchefpescados.com.br\/index.php\/wp-json\/wp\/v2\/product_tag?post=1920"}],"curies":[{"name":"wp","href":"https:\/\/api.w.org\/{rel}","templated":true}]}}