{"id":1918,"date":"2025-06-07T20:34:25","date_gmt":"2025-06-07T23:34:25","guid":{"rendered":"https:\/\/marchefpescados.com.br\/?post_type=product&#038;p=1918"},"modified":"2025-06-25T22:46:35","modified_gmt":"2025-06-26T01:46:35","slug":"camarao-descascado-sem-visceras-36-40-25-35-cozido-pacote-300g","status":"publish","type":"product","link":"https:\/\/marchefpescados.com.br\/index.php\/produto\/camarao-descascado-sem-visceras-36-40-25-35-cozido-pacote-300g\/","title":{"rendered":"Camar\u00e3o Descascado Sem V\u00edsceras 36\/40 (25\/35) Cozido \u2014 Pacote 300g"},"content":{"rendered":"<p data-start=\"224\" data-end=\"368\">Camar\u00e3o Descascado sem v\u00edsceras, cozido e congelado, ideal para o preparo de pratos como massas, risotos, saladas e entradas.<\/p>\n<p data-start=\"370\" data-end=\"524\">Produto com calibra\u00e7\u00e3o 36\/40 (36 a 40 unidades por libra), com sele\u00e7\u00e3o adicional de tamanho 25\/35, oferecendo camar\u00f5es de excelente tamanho e qualidade.<\/p>\n<p data-start=\"526\" data-end=\"629\">Cada pacote cont\u00e9m aproximadamente de 25 a 35 camar\u00f5es, embalados individualmente em pacotes de 300g.<\/p>\n<p data-start=\"631\" data-end=\"731\">Excelente op\u00e7\u00e3o para uso profissional (restaurantes, bares, catering) e tamb\u00e9m para uso dom\u00e9stico.<\/p>\n<p data-start=\"733\" data-end=\"787\"><strong>Modo de preparo:<\/strong> pronto para uso ap\u00f3s descongelamento.<\/p>\n","protected":false},"excerpt":{"rendered":"<p>Camar\u00e3o Descascado sem v\u00edsceras, cozido e congelado, ideal para o preparo de pratos como massas, risotos, saladas e entradas. Produto com calibra\u00e7\u00e3o 36\/40 (36 a 40 unidades por libra), com sele\u00e7\u00e3o adicional de tamanho 25\/35, oferecendo camar\u00f5es de excelente tamanho e qualidade. Cada pacote cont\u00e9m aproximadamente de 25 a 35 camar\u00f5es, embalados individualmente em pacotes de 300g. Excelente op\u00e7\u00e3o para uso profissional (restaurantes, bares, catering) e tamb\u00e9m para uso dom\u00e9stico. Modo de preparo: pronto para uso ap\u00f3s descongelamento.<\/p>\n","protected":false},"featured_media":1808,"template":"","meta":{"_acf_changed":false},"product_brand":[],"product_cat":[25],"product_tag":[],"class_list":{"0":"post-1918","1":"product","2":"type-product","3":"status-publish","4":"has-post-thumbnail","6":"product_cat-linha-pounch","8":"first","9":"instock","10":"shipping-taxable","11":"product-type-simple"},"acf":[],"jetpack_sharing_enabled":true,"_links":{"self":[{"href":"https:\/\/marchefpescados.com.br\/index.php\/wp-json\/wp\/v2\/product\/1918","targetHints":{"allow":["GET"]}}],"collection":[{"href":"https:\/\/marchefpescados.com.br\/index.php\/wp-json\/wp\/v2\/product"}],"about":[{"href":"https:\/\/marchefpescados.com.br\/index.php\/wp-json\/wp\/v2\/types\/product"}],"wp:featuredmedia":[{"embeddable":true,"href":"https:\/\/marchefpescados.com.br\/index.php\/wp-json\/wp\/v2\/media\/1808"}],"wp:attachment":[{"href":"https:\/\/marchefpescados.com.br\/index.php\/wp-json\/wp\/v2\/media?parent=1918"}],"wp:term":[{"taxonomy":"product_brand","embeddable":true,"href":"https:\/\/marchefpescados.com.br\/index.php\/wp-json\/wp\/v2\/product_brand?post=1918"},{"taxonomy":"product_cat","embeddable":true,"href":"https:\/\/marchefpescados.com.br\/index.php\/wp-json\/wp\/v2\/product_cat?post=1918"},{"taxonomy":"product_tag","embeddable":true,"href":"https:\/\/marchefpescados.com.br\/index.php\/wp-json\/wp\/v2\/product_tag?post=1918"}],"curies":[{"name":"wp","href":"https:\/\/api.w.org\/{rel}","templated":true}]}}