{"id":1916,"date":"2025-06-07T20:31:46","date_gmt":"2025-06-07T23:31:46","guid":{"rendered":"https:\/\/marchefpescados.com.br\/?post_type=product&#038;p=1916"},"modified":"2025-06-25T22:44:11","modified_gmt":"2025-06-26T01:44:11","slug":"camarao-descascado-sem-visceras-41-50-35-45-cozido-pacote-300g","status":"publish","type":"product","link":"https:\/\/marchefpescados.com.br\/index.php\/produto\/camarao-descascado-sem-visceras-41-50-35-45-cozido-pacote-300g\/","title":{"rendered":"Camar\u00e3o Descascado Sem V\u00edsceras 41\/50 (35\/45) Cozido \u2014 Pacote 300g"},"content":{"rendered":"<p data-start=\"2000\" data-end=\"2164\">Camar\u00e3o Descascado sem v\u00edsceras, cozido e congelado, ideal para o preparo de pratos refinados como massas, risotos, saladas, entradas e petiscos.<\/p>\n<p data-start=\"2166\" data-end=\"2341\">Produto com calibra\u00e7\u00e3o 41\/50 (41 a 50 unidades por libra), com sele\u00e7\u00e3o adicional de tamanho 35\/45, oferecendo camar\u00f5es de excelente tamanho e apresenta\u00e7\u00e3o, prontos para uso.<\/p>\n<p data-start=\"2343\" data-end=\"2446\">Cada pacote cont\u00e9m aproximadamente de 35 a 45 camar\u00f5es, embalados individualmente em pacotes de 300g.<\/p>\n<p data-start=\"2448\" data-end=\"2548\">Excelente op\u00e7\u00e3o para uso profissional (restaurantes, bares, catering) e tamb\u00e9m para uso dom\u00e9stico.<\/p>\n<p data-start=\"2550\" data-end=\"2604\"><strong>Modo de preparo:<\/strong> pronto para uso ap\u00f3s descongelamento.<\/p>\n","protected":false},"excerpt":{"rendered":"<p>Camar\u00e3o Descascado sem v\u00edsceras, cozido e congelado, ideal para o preparo de pratos refinados como massas, risotos, saladas, entradas e petiscos. Produto com calibra\u00e7\u00e3o 41\/50 (41 a 50 unidades por libra), com sele\u00e7\u00e3o adicional de tamanho 35\/45, oferecendo camar\u00f5es de excelente tamanho e apresenta\u00e7\u00e3o, prontos para uso. Cada pacote cont\u00e9m aproximadamente de 35 a 45 camar\u00f5es, embalados individualmente em pacotes de 300g. Excelente op\u00e7\u00e3o para uso profissional (restaurantes, bares, catering) e tamb\u00e9m para uso dom\u00e9stico. Modo de preparo: pronto para uso ap\u00f3s descongelamento.<\/p>\n","protected":false},"featured_media":1811,"template":"","meta":{"_acf_changed":false},"product_brand":[],"product_cat":[25],"product_tag":[],"class_list":{"0":"post-1916","1":"product","2":"type-product","3":"status-publish","4":"has-post-thumbnail","6":"product_cat-linha-pounch","8":"first","9":"instock","10":"shipping-taxable","11":"product-type-simple"},"acf":[],"jetpack_sharing_enabled":true,"_links":{"self":[{"href":"https:\/\/marchefpescados.com.br\/index.php\/wp-json\/wp\/v2\/product\/1916","targetHints":{"allow":["GET"]}}],"collection":[{"href":"https:\/\/marchefpescados.com.br\/index.php\/wp-json\/wp\/v2\/product"}],"about":[{"href":"https:\/\/marchefpescados.com.br\/index.php\/wp-json\/wp\/v2\/types\/product"}],"wp:featuredmedia":[{"embeddable":true,"href":"https:\/\/marchefpescados.com.br\/index.php\/wp-json\/wp\/v2\/media\/1811"}],"wp:attachment":[{"href":"https:\/\/marchefpescados.com.br\/index.php\/wp-json\/wp\/v2\/media?parent=1916"}],"wp:term":[{"taxonomy":"product_brand","embeddable":true,"href":"https:\/\/marchefpescados.com.br\/index.php\/wp-json\/wp\/v2\/product_brand?post=1916"},{"taxonomy":"product_cat","embeddable":true,"href":"https:\/\/marchefpescados.com.br\/index.php\/wp-json\/wp\/v2\/product_cat?post=1916"},{"taxonomy":"product_tag","embeddable":true,"href":"https:\/\/marchefpescados.com.br\/index.php\/wp-json\/wp\/v2\/product_tag?post=1916"}],"curies":[{"name":"wp","href":"https:\/\/api.w.org\/{rel}","templated":true}]}}