{"id":1912,"date":"2025-06-07T20:28:02","date_gmt":"2025-06-07T23:28:02","guid":{"rendered":"https:\/\/marchefpescados.com.br\/?post_type=product&#038;p=1912"},"modified":"2025-06-25T22:41:50","modified_gmt":"2025-06-26T01:41:50","slug":"camarao-sem-cabeca-61-90-40-60-cozido-pacote-300g","status":"publish","type":"product","link":"https:\/\/marchefpescados.com.br\/index.php\/produto\/camarao-sem-cabeca-61-90-40-60-cozido-pacote-300g\/","title":{"rendered":"Camar\u00e3o Sem Cabe\u00e7a 61\/90 (40\/60) Cozido \u2014 Pacote 300g"},"content":{"rendered":"<p data-start=\"192\" data-end=\"323\">Camar\u00e3o Sem Cabe\u00e7a, cozido e congelado, ideal para o preparo de pratos como risotos, massas, saladas e entradas.<\/p>\n<p data-start=\"325\" data-end=\"490\">Produto com calibra\u00e7\u00e3o 61\/90 (61 a 90 unidades por libra), com sele\u00e7\u00e3o adicional de tamanho 40\/60, proporcionando camar\u00f5es de porte maior e excelente apresenta\u00e7\u00e3o.<\/p>\n<p data-start=\"492\" data-end=\"595\">Cada pacote cont\u00e9m aproximadamente de 40 a 60 camar\u00f5es, embalados individualmente em pacotes de 300g.<\/p>\n<p data-start=\"597\" data-end=\"697\">Excelente op\u00e7\u00e3o para uso profissional (restaurantes, bares, catering) e tamb\u00e9m para uso dom\u00e9stico.<\/p>\n<p data-start=\"699\" data-end=\"753\"><strong>Modo de preparo:<\/strong> pronto para uso ap\u00f3s descongelamento.<\/p>\n","protected":false},"excerpt":{"rendered":"<p>Camar\u00e3o Sem Cabe\u00e7a, cozido e congelado, ideal para o preparo de pratos como risotos, massas, saladas e entradas. Produto com calibra\u00e7\u00e3o 61\/90 (61 a 90 unidades por libra), com sele\u00e7\u00e3o adicional de tamanho 40\/60, proporcionando camar\u00f5es de porte maior e excelente apresenta\u00e7\u00e3o. Cada pacote cont\u00e9m aproximadamente de 40 a 60 camar\u00f5es, embalados individualmente em pacotes de 300g. Excelente op\u00e7\u00e3o para uso profissional (restaurantes, bares, catering) e tamb\u00e9m para uso dom\u00e9stico. Modo de preparo: pronto para uso ap\u00f3s descongelamento.<\/p>\n","protected":false},"featured_media":1809,"template":"","meta":{"_acf_changed":false},"product_brand":[],"product_cat":[25],"product_tag":[],"class_list":{"0":"post-1912","1":"product","2":"type-product","3":"status-publish","4":"has-post-thumbnail","6":"product_cat-linha-pounch","8":"first","9":"instock","10":"shipping-taxable","11":"product-type-simple"},"acf":[],"jetpack_sharing_enabled":true,"_links":{"self":[{"href":"https:\/\/marchefpescados.com.br\/index.php\/wp-json\/wp\/v2\/product\/1912","targetHints":{"allow":["GET"]}}],"collection":[{"href":"https:\/\/marchefpescados.com.br\/index.php\/wp-json\/wp\/v2\/product"}],"about":[{"href":"https:\/\/marchefpescados.com.br\/index.php\/wp-json\/wp\/v2\/types\/product"}],"wp:featuredmedia":[{"embeddable":true,"href":"https:\/\/marchefpescados.com.br\/index.php\/wp-json\/wp\/v2\/media\/1809"}],"wp:attachment":[{"href":"https:\/\/marchefpescados.com.br\/index.php\/wp-json\/wp\/v2\/media?parent=1912"}],"wp:term":[{"taxonomy":"product_brand","embeddable":true,"href":"https:\/\/marchefpescados.com.br\/index.php\/wp-json\/wp\/v2\/product_brand?post=1912"},{"taxonomy":"product_cat","embeddable":true,"href":"https:\/\/marchefpescados.com.br\/index.php\/wp-json\/wp\/v2\/product_cat?post=1912"},{"taxonomy":"product_tag","embeddable":true,"href":"https:\/\/marchefpescados.com.br\/index.php\/wp-json\/wp\/v2\/product_tag?post=1912"}],"curies":[{"name":"wp","href":"https:\/\/api.w.org\/{rel}","templated":true}]}}