{"id":1901,"date":"2025-06-07T20:17:37","date_gmt":"2025-06-07T23:17:37","guid":{"rendered":"https:\/\/marchefpescados.com.br\/?post_type=product&#038;p=1901"},"modified":"2025-06-07T20:17:37","modified_gmt":"2025-06-07T23:17:37","slug":"anel-de-lula-empanado-pacote-150g","status":"publish","type":"product","link":"https:\/\/marchefpescados.com.br\/index.php\/produto\/anel-de-lula-empanado-pacote-150g\/","title":{"rendered":"Anel de Lula Empanado \u2014 Pacote 150g"},"content":{"rendered":"<p data-start=\"186\" data-end=\"302\">An\u00e9is de Lula empanados, congelados, ideais para preparo de petiscos, entradas e pratos diversos.<\/p>\n<p data-start=\"304\" data-end=\"383\">Produto empanado e pronto para fritura, oferecendo praticidade e \u00f3timo sabor.<\/p>\n<p data-start=\"385\" data-end=\"479\">Cada pacote cont\u00e9m an\u00e9is selecionados de lula, embalados individualmente em pacotes de 150g.<\/p>\n<p data-start=\"481\" data-end=\"581\">Excelente op\u00e7\u00e3o para uso profissional (restaurantes, bares, catering) e tamb\u00e9m para uso dom\u00e9stico.<\/p>\n<p data-start=\"583\" data-end=\"659\">Modo de preparo: pronto para fritura direta ou preparo ap\u00f3s descongelamento.<\/p>\n","protected":false},"excerpt":{"rendered":"<p>An\u00e9is de Lula empanados, congelados, ideais para preparo de petiscos, entradas e pratos diversos. Produto empanado e pronto para fritura, oferecendo praticidade e \u00f3timo sabor. Cada pacote cont\u00e9m an\u00e9is selecionados de lula, embalados individualmente em pacotes de 150g. Excelente op\u00e7\u00e3o para uso profissional (restaurantes, bares, catering) e tamb\u00e9m para uso dom\u00e9stico. Modo de preparo: pronto para fritura direta ou preparo ap\u00f3s descongelamento.<\/p>\n","protected":false},"featured_media":1813,"template":"","meta":{"_acf_changed":false},"product_brand":[],"product_cat":[24],"product_tag":[],"class_list":{"0":"post-1901","1":"product","2":"type-product","3":"status-publish","4":"has-post-thumbnail","6":"product_cat-linha-almofada","8":"first","9":"instock","10":"shipping-taxable","11":"product-type-simple"},"acf":[],"jetpack_sharing_enabled":true,"_links":{"self":[{"href":"https:\/\/marchefpescados.com.br\/index.php\/wp-json\/wp\/v2\/product\/1901","targetHints":{"allow":["GET"]}}],"collection":[{"href":"https:\/\/marchefpescados.com.br\/index.php\/wp-json\/wp\/v2\/product"}],"about":[{"href":"https:\/\/marchefpescados.com.br\/index.php\/wp-json\/wp\/v2\/types\/product"}],"wp:featuredmedia":[{"embeddable":true,"href":"https:\/\/marchefpescados.com.br\/index.php\/wp-json\/wp\/v2\/media\/1813"}],"wp:attachment":[{"href":"https:\/\/marchefpescados.com.br\/index.php\/wp-json\/wp\/v2\/media?parent=1901"}],"wp:term":[{"taxonomy":"product_brand","embeddable":true,"href":"https:\/\/marchefpescados.com.br\/index.php\/wp-json\/wp\/v2\/product_brand?post=1901"},{"taxonomy":"product_cat","embeddable":true,"href":"https:\/\/marchefpescados.com.br\/index.php\/wp-json\/wp\/v2\/product_cat?post=1901"},{"taxonomy":"product_tag","embeddable":true,"href":"https:\/\/marchefpescados.com.br\/index.php\/wp-json\/wp\/v2\/product_tag?post=1901"}],"curies":[{"name":"wp","href":"https:\/\/api.w.org\/{rel}","templated":true}]}}