{"id":1899,"date":"2025-06-07T20:15:36","date_gmt":"2025-06-07T23:15:36","guid":{"rendered":"https:\/\/marchefpescados.com.br\/?post_type=product&#038;p=1899"},"modified":"2025-06-07T20:15:36","modified_gmt":"2025-06-07T23:15:36","slug":"isca-de-tilapia-empanada-pacote-150g","status":"publish","type":"product","link":"https:\/\/marchefpescados.com.br\/index.php\/produto\/isca-de-tilapia-empanada-pacote-150g\/","title":{"rendered":"Isca de Til\u00e1pia Empanada \u2014 Pacote 150g"},"content":{"rendered":"<p data-start=\"2732\" data-end=\"2847\">Isca de Til\u00e1pia empanada, congelada, ideal para preparo de petiscos, entradas e pratos diversos.<\/p>\n<p data-start=\"2849\" data-end=\"2939\">Produto empanado e pronto para fritura, oferecendo praticidade e \u00f3timo sabor no preparo.<\/p>\n<p data-start=\"2941\" data-end=\"3038\">Cada pacote cont\u00e9m iscas selecionadas de til\u00e1pia, embaladas individualmente em pacotes de 150g.<\/p>\n<p data-start=\"3040\" data-end=\"3140\">Excelente op\u00e7\u00e3o para uso profissional (restaurantes, bares, catering) e tamb\u00e9m para uso dom\u00e9stico.<\/p>\n<p data-start=\"3142\" data-end=\"3218\">Modo de preparo: pronto para fritura direta ou preparo ap\u00f3s descongelamento.<\/p>\n","protected":false},"excerpt":{"rendered":"<p>Isca de Til\u00e1pia empanada, congelada, ideal para preparo de petiscos, entradas e pratos diversos. Produto empanado e pronto para fritura, oferecendo praticidade e \u00f3timo sabor no preparo. Cada pacote cont\u00e9m iscas selecionadas de til\u00e1pia, embaladas individualmente em pacotes de 150g. Excelente op\u00e7\u00e3o para uso profissional (restaurantes, bares, catering) e tamb\u00e9m para uso dom\u00e9stico. Modo de preparo: pronto para fritura direta ou preparo ap\u00f3s descongelamento.<\/p>\n","protected":false},"featured_media":1816,"template":"","meta":{"_acf_changed":false},"product_brand":[],"product_cat":[24],"product_tag":[],"class_list":{"0":"post-1899","1":"product","2":"type-product","3":"status-publish","4":"has-post-thumbnail","6":"product_cat-linha-almofada","8":"first","9":"instock","10":"shipping-taxable","11":"product-type-simple"},"acf":[],"jetpack_sharing_enabled":true,"_links":{"self":[{"href":"https:\/\/marchefpescados.com.br\/index.php\/wp-json\/wp\/v2\/product\/1899","targetHints":{"allow":["GET"]}}],"collection":[{"href":"https:\/\/marchefpescados.com.br\/index.php\/wp-json\/wp\/v2\/product"}],"about":[{"href":"https:\/\/marchefpescados.com.br\/index.php\/wp-json\/wp\/v2\/types\/product"}],"wp:featuredmedia":[{"embeddable":true,"href":"https:\/\/marchefpescados.com.br\/index.php\/wp-json\/wp\/v2\/media\/1816"}],"wp:attachment":[{"href":"https:\/\/marchefpescados.com.br\/index.php\/wp-json\/wp\/v2\/media?parent=1899"}],"wp:term":[{"taxonomy":"product_brand","embeddable":true,"href":"https:\/\/marchefpescados.com.br\/index.php\/wp-json\/wp\/v2\/product_brand?post=1899"},{"taxonomy":"product_cat","embeddable":true,"href":"https:\/\/marchefpescados.com.br\/index.php\/wp-json\/wp\/v2\/product_cat?post=1899"},{"taxonomy":"product_tag","embeddable":true,"href":"https:\/\/marchefpescados.com.br\/index.php\/wp-json\/wp\/v2\/product_tag?post=1899"}],"curies":[{"name":"wp","href":"https:\/\/api.w.org\/{rel}","templated":true}]}}