{"id":1897,"date":"2025-06-07T20:14:33","date_gmt":"2025-06-07T23:14:33","guid":{"rendered":"https:\/\/marchefpescados.com.br\/?post_type=product&#038;p=1897"},"modified":"2025-06-25T17:13:33","modified_gmt":"2025-06-25T20:13:33","slug":"isca-de-pescada-empanada-pacote-150g","status":"publish","type":"product","link":"https:\/\/marchefpescados.com.br\/index.php\/produto\/isca-de-pescada-empanada-pacote-150g\/","title":{"rendered":"Isca de Pescada Empanada \u2014 Pacote 150g"},"content":{"rendered":"<p data-start=\"1918\" data-end=\"2033\">Isca de Pescada empanada, congelada, ideal para preparo de petiscos, entradas e pratos diversos.<\/p>\n<p data-start=\"2035\" data-end=\"2123\">Produto empanado e pronto para fritura, proporcionando praticidade e sabor no preparo.<\/p>\n<p data-start=\"2125\" data-end=\"2222\">Cada pacote cont\u00e9m iscas selecionadas de pescada, embaladas individualmente em pacotes de 150g.<\/p>\n<p data-start=\"2224\" data-end=\"2324\">Excelente op\u00e7\u00e3o para uso profissional (restaurantes, bares, catering) e tamb\u00e9m para uso dom\u00e9stico.<\/p>\n<p data-start=\"2326\" data-end=\"2402\"><strong>Modo de preparo:<\/strong> pronto para fritura direta ou preparo ap\u00f3s descongelamento.<\/p>\n","protected":false},"excerpt":{"rendered":"<p>Isca de Pescada empanada, congelada, ideal para preparo de petiscos, entradas e pratos diversos. Produto empanado e pronto para fritura, proporcionando praticidade e sabor no preparo. Cada pacote cont\u00e9m iscas selecionadas de pescada, embaladas individualmente em pacotes de 150g. Excelente op\u00e7\u00e3o para uso profissional (restaurantes, bares, catering) e tamb\u00e9m para uso dom\u00e9stico. Modo de preparo: pronto para fritura direta ou preparo ap\u00f3s descongelamento.<\/p>\n","protected":false},"featured_media":1815,"template":"","meta":{"_acf_changed":false},"product_brand":[],"product_cat":[24],"product_tag":[],"class_list":{"0":"post-1897","1":"product","2":"type-product","3":"status-publish","4":"has-post-thumbnail","6":"product_cat-linha-almofada","8":"first","9":"instock","10":"shipping-taxable","11":"product-type-simple"},"acf":[],"jetpack_sharing_enabled":true,"_links":{"self":[{"href":"https:\/\/marchefpescados.com.br\/index.php\/wp-json\/wp\/v2\/product\/1897","targetHints":{"allow":["GET"]}}],"collection":[{"href":"https:\/\/marchefpescados.com.br\/index.php\/wp-json\/wp\/v2\/product"}],"about":[{"href":"https:\/\/marchefpescados.com.br\/index.php\/wp-json\/wp\/v2\/types\/product"}],"wp:featuredmedia":[{"embeddable":true,"href":"https:\/\/marchefpescados.com.br\/index.php\/wp-json\/wp\/v2\/media\/1815"}],"wp:attachment":[{"href":"https:\/\/marchefpescados.com.br\/index.php\/wp-json\/wp\/v2\/media?parent=1897"}],"wp:term":[{"taxonomy":"product_brand","embeddable":true,"href":"https:\/\/marchefpescados.com.br\/index.php\/wp-json\/wp\/v2\/product_brand?post=1897"},{"taxonomy":"product_cat","embeddable":true,"href":"https:\/\/marchefpescados.com.br\/index.php\/wp-json\/wp\/v2\/product_cat?post=1897"},{"taxonomy":"product_tag","embeddable":true,"href":"https:\/\/marchefpescados.com.br\/index.php\/wp-json\/wp\/v2\/product_tag?post=1897"}],"curies":[{"name":"wp","href":"https:\/\/api.w.org\/{rel}","templated":true}]}}