{"id":1893,"date":"2025-06-07T20:09:49","date_gmt":"2025-06-07T23:09:49","guid":{"rendered":"https:\/\/marchefpescados.com.br\/?post_type=product&#038;p=1893"},"modified":"2025-06-07T20:09:49","modified_gmt":"2025-06-07T23:09:49","slug":"camarao-sem-cabeca-com-casca-empanado-61-90-pacote-150g","status":"publish","type":"product","link":"https:\/\/marchefpescados.com.br\/index.php\/produto\/camarao-sem-cabeca-com-casca-empanado-61-90-pacote-150g\/","title":{"rendered":"Camar\u00e3o Sem Cabe\u00e7a com Casca Empanado 61\/90 \u2014 Pacote 150g"},"content":{"rendered":"<p data-start=\"183\" data-end=\"313\">Camar\u00e3o Sem Cabe\u00e7a com Casca, empanado, congelado, ideal para o preparo de petiscos, entradas e pratos r\u00e1pidos.<\/p>\n<p data-start=\"315\" data-end=\"439\">Produto com calibra\u00e7\u00e3o 61\/90 (61 a 90 unidades por libra), empanado e pronto para fritura, oferecendo praticidade e sabor.<\/p>\n<p data-start=\"441\" data-end=\"544\">Cada pacote cont\u00e9m aproximadamente de 20 a 35 camar\u00f5es, embalados individualmente em pacotes de 150g.<\/p>\n<p data-start=\"546\" data-end=\"646\">Excelente op\u00e7\u00e3o para uso profissional (restaurantes, bares, catering) e tamb\u00e9m para uso dom\u00e9stico.<\/p>\n<p data-start=\"648\" data-end=\"724\"><strong>Modo de preparo:<\/strong> pronto para fritura direta ou preparo ap\u00f3s descongelamento.<\/p>\n","protected":false},"excerpt":{"rendered":"<p>Camar\u00e3o Sem Cabe\u00e7a com Casca, empanado, congelado, ideal para o preparo de petiscos, entradas e pratos r\u00e1pidos. Produto com calibra\u00e7\u00e3o 61\/90 (61 a 90 unidades por libra), empanado e pronto para fritura, oferecendo praticidade e sabor. Cada pacote cont\u00e9m aproximadamente de 20 a 35 camar\u00f5es, embalados individualmente em pacotes de 150g. Excelente op\u00e7\u00e3o para uso profissional (restaurantes, bares, catering) e tamb\u00e9m para uso dom\u00e9stico. Modo de preparo: pronto para fritura direta ou preparo ap\u00f3s descongelamento.<\/p>\n","protected":false},"featured_media":1818,"template":"","meta":{"_acf_changed":false},"product_brand":[],"product_cat":[24],"product_tag":[],"class_list":{"0":"post-1893","1":"product","2":"type-product","3":"status-publish","4":"has-post-thumbnail","6":"product_cat-linha-almofada","8":"first","9":"instock","10":"shipping-taxable","11":"product-type-simple"},"acf":[],"jetpack_sharing_enabled":true,"_links":{"self":[{"href":"https:\/\/marchefpescados.com.br\/index.php\/wp-json\/wp\/v2\/product\/1893","targetHints":{"allow":["GET"]}}],"collection":[{"href":"https:\/\/marchefpescados.com.br\/index.php\/wp-json\/wp\/v2\/product"}],"about":[{"href":"https:\/\/marchefpescados.com.br\/index.php\/wp-json\/wp\/v2\/types\/product"}],"wp:featuredmedia":[{"embeddable":true,"href":"https:\/\/marchefpescados.com.br\/index.php\/wp-json\/wp\/v2\/media\/1818"}],"wp:attachment":[{"href":"https:\/\/marchefpescados.com.br\/index.php\/wp-json\/wp\/v2\/media?parent=1893"}],"wp:term":[{"taxonomy":"product_brand","embeddable":true,"href":"https:\/\/marchefpescados.com.br\/index.php\/wp-json\/wp\/v2\/product_brand?post=1893"},{"taxonomy":"product_cat","embeddable":true,"href":"https:\/\/marchefpescados.com.br\/index.php\/wp-json\/wp\/v2\/product_cat?post=1893"},{"taxonomy":"product_tag","embeddable":true,"href":"https:\/\/marchefpescados.com.br\/index.php\/wp-json\/wp\/v2\/product_tag?post=1893"}],"curies":[{"name":"wp","href":"https:\/\/api.w.org\/{rel}","templated":true}]}}