{"id":1885,"date":"2025-06-07T19:09:13","date_gmt":"2025-06-07T22:09:13","guid":{"rendered":"https:\/\/marchefpescados.com.br\/?post_type=product&#038;p=1885"},"modified":"2025-06-25T22:40:24","modified_gmt":"2025-06-26T01:40:24","slug":"camarao-cinza-inteiro-cozido-congelado-80-150-pacote-150g","status":"publish","type":"product","link":"https:\/\/marchefpescados.com.br\/index.php\/produto\/camarao-cinza-inteiro-cozido-congelado-80-150-pacote-150g\/","title":{"rendered":"Camar\u00e3o Cinza Inteiro Cozido Congelado 80\/150 \u2014 Pacote 150g"},"content":{"rendered":"<p data-start=\"221\" data-end=\"350\">Camar\u00e3o Cinza Inteiro, j\u00e1 cozido e congelado, ideal para o preparo de diversos pratos como massas, risotos, saladas e entradas.<\/p>\n<p data-start=\"352\" data-end=\"469\">Produto com calibra\u00e7\u00e3o 80\/150 (80 a 150 unidades por libra), selecionado e processado com alto padr\u00e3o de qualidade.<\/p>\n<p data-start=\"471\" data-end=\"574\">Cada pacote cont\u00e9m aproximadamente de 12 a 22 camar\u00f5es, embalados individualmente em pacotes de 150g.<\/p>\n<p data-start=\"576\" data-end=\"676\">Excelente op\u00e7\u00e3o para uso profissional (restaurantes, bares, catering) e tamb\u00e9m para uso dom\u00e9stico.<\/p>\n<p data-start=\"678\" data-end=\"736\"><strong data-start=\"678\" data-end=\"698\">Modo de preparo:<\/strong> pronto para uso ap\u00f3s descongelamento.<\/p>\n","protected":false},"excerpt":{"rendered":"<p>Camar\u00e3o Cinza Inteiro, j\u00e1 cozido e congelado, ideal para o preparo de diversos pratos como massas, risotos, saladas e entradas. Produto com calibra\u00e7\u00e3o 80\/150 (80 a 150 unidades por libra), selecionado e processado com alto padr\u00e3o de qualidade. Cada pacote cont\u00e9m aproximadamente de 12 a 22 camar\u00f5es, embalados individualmente em pacotes de 150g. Excelente op\u00e7\u00e3o para uso profissional (restaurantes, bares, catering) e tamb\u00e9m para uso dom\u00e9stico. Modo de preparo: pronto para uso ap\u00f3s descongelamento.<\/p>\n","protected":false},"featured_media":1821,"template":"","meta":{"_acf_changed":false},"product_brand":[],"product_cat":[24],"product_tag":[],"class_list":{"0":"post-1885","1":"product","2":"type-product","3":"status-publish","4":"has-post-thumbnail","6":"product_cat-linha-almofada","8":"first","9":"instock","10":"shipping-taxable","11":"product-type-simple"},"acf":[],"jetpack_sharing_enabled":true,"_links":{"self":[{"href":"https:\/\/marchefpescados.com.br\/index.php\/wp-json\/wp\/v2\/product\/1885","targetHints":{"allow":["GET"]}}],"collection":[{"href":"https:\/\/marchefpescados.com.br\/index.php\/wp-json\/wp\/v2\/product"}],"about":[{"href":"https:\/\/marchefpescados.com.br\/index.php\/wp-json\/wp\/v2\/types\/product"}],"wp:featuredmedia":[{"embeddable":true,"href":"https:\/\/marchefpescados.com.br\/index.php\/wp-json\/wp\/v2\/media\/1821"}],"wp:attachment":[{"href":"https:\/\/marchefpescados.com.br\/index.php\/wp-json\/wp\/v2\/media?parent=1885"}],"wp:term":[{"taxonomy":"product_brand","embeddable":true,"href":"https:\/\/marchefpescados.com.br\/index.php\/wp-json\/wp\/v2\/product_brand?post=1885"},{"taxonomy":"product_cat","embeddable":true,"href":"https:\/\/marchefpescados.com.br\/index.php\/wp-json\/wp\/v2\/product_cat?post=1885"},{"taxonomy":"product_tag","embeddable":true,"href":"https:\/\/marchefpescados.com.br\/index.php\/wp-json\/wp\/v2\/product_tag?post=1885"}],"curies":[{"name":"wp","href":"https:\/\/api.w.org\/{rel}","templated":true}]}}